{"id":3754,"date":"2016-06-06T22:34:14","date_gmt":"2016-06-06T22:34:14","guid":{"rendered":"https:\/\/www.purandlog.com\/?page_id=3754"},"modified":"2019-05-31T10:14:49","modified_gmt":"2019-05-31T15:14:49","slug":"purchasing-and-logistics","status":"publish","type":"page","link":"https:\/\/www.purandlog.com\/es\/purchasing-and-logistics\/","title":{"rendered":"La empresa"},"content":{"rendered":"<p>[vc_row][vc_column]<div class=\"mkdf-section-title-holder\">\n\t<h2 class=\"mkdf-section-title mkdf-section-title-small\" style=\"text-align: left\">\n\tLa Necesidad<\/h2>\n<\/div>[vc_column_text]El mercado actual es din\u00e1mico, cambiante y global. \u00bfPor qu\u00e9 si cada d\u00eda hay m\u00e1s competidores para vender o prestar un mismo producto o servicio en todo el mundo, mejores medios de comunicaci\u00f3n y de compartir la informaci\u00f3n, y experiencia en proyectos similares, se siguen cometiendo graves errores que siguen generando extracostes en empresas y proyectos? Normalmente es debido a una gran inexperiencia y desconocimiento de toda la cadena de valor de la gesti\u00f3n de Compras y Log\u00edstica de forma global, as\u00ed como su integraci\u00f3n y los impactos que unas \u00e1reas tienen sobre otras. En la actualidad existe una cantidad importante de empresas especializadas en determinados eslabones de dicha cadena de valor,\u00a0pero que al no estar debidamente coordinados generan puntos de debilidad los cuales se convierten en impactos o imprevistos para los proyectos. Ante dichos imprevistos, en caso de no existir una previsi\u00f3n de contingencias, siempre se generar\u00e1 un extracoste en el proyecto.[\/vc_column_text][vc_empty_space height=\u00bb60&#8243;][\/vc_column][\/vc_row][vc_row css=\u00bb.vc_custom_1465271362183{padding-top: 0px !important;}\u00bb][vc_column width=\u00bb2\/3&#8243; css=\u00bb.vc_custom_1465271693957{padding-bottom: 20px !important;}\u00bb]<div class=\"mkdf-section-title-holder\">\n\t<h2 class=\"mkdf-section-title mkdf-section-title-small\" style=\"text-align: left\">\n\t\u00bfQui\u00e9nes Somos?<\/h2>\n<\/div>[vc_column_text]Nosotros nacemos como necesidad de encontrar una soluci\u00f3n \u00fanica, innovadora e integradora, al problema recurrente de muchos proyectos y empresas relacionados con la construcci\u00f3n de grandes infraestructuras, centrales de energ\u00eda, sector petroqu\u00edmico y obras relacionados con el medio ambiente, sobre todo en aquellos casos que se hayan implantado recientemente en un nuevo territorio o pa\u00eds.<\/p>\n<p>El desconocimiento de las pr\u00e1cticas locales y la falta de experiencia generan una serie imprevistos que consumen una gran cantidad de tiempo y recursos, con lo cual en numerosas ocasiones conllevan a p\u00e9rdidas econ\u00f3micas y retrasos innecesarios en los proyectos.<\/p>\n<p>Aseguramos que una buena planificaci\u00f3n, an\u00e1lisis y estudio de la Gesti\u00f3n de Compras y Log\u00edstica de cualquier empresa conlleva innumerables beneficios, normalmente no anticipados u obviados al inicio de un proyecto, los cuales redundan habitualmente en sustanciales ahorros econ\u00f3micos y de tiempo.[\/vc_column_text][\/vc_column][vc_column width=\u00bb1\/3&#8243;]<div class=\"mkdf-animations-holder mkdf-element-from-right\" data-animation=\"mkdf-element-from-right\">\n\t<div style=\"transition-delay: 200ms;-webkit-animation-delay: 200ms;animation-delay: 200ms;animation-duration: 700ms;-webkit-animation-duration: 700ms;-moz-animation-duration: 700ms\">\n\t\t[vc_single_image image=\u00bb3882&#8243; img_size=\u00bbfull\u00bb]\t<\/div>\n\n<\/div>[\/vc_column][\/vc_row][vc_row][vc_column css=\u00bb.vc_custom_1465272184756{padding-top: 60px !important;padding-bottom: 60px !important;}\u00bb]<div class=\"mkdf-section-title-holder\">\n\t<h2 class=\"mkdf-section-title mkdf-section-title-small\" style=\"text-align: left\">\n\t\u00bfQu\u00e9 Ofrecemos?<\/h2>\n<\/div>[vc_column_text]A lo largo de nuestra experiencia hemos identificado los mismos problemas log\u00edsticos as\u00ed como una gesti\u00f3n precaria y poco experimentada en compras. Esta sintom\u00e1tica genera de forma continua gastos extra e imprevistos, as\u00ed como riesgos, una p\u00e9rdida de tiempo absurda, y la ocupaci\u00f3n de una cantidad de recursos totalmente innecesarios.<\/p>\n<p>Ofrecemos la experiencia acumulada de haber participado en proyectos tanto en los mercados de M\u00e9xico, Espa\u00f1a y Estados Unidos, as\u00ed como otros territorios de Am\u00e9rica. Optimizamos y reducimos costos en compras y log\u00edstica aplicando soluciones resolutivas que la globalizaci\u00f3n y las regulaciones del comercio internacional nos ofrecen.[\/vc_column_text][vc_empty_space height=\u00bb60&#8243;]<div class=\"mkdf-section-title-holder\">\n\t<h2 class=\"mkdf-section-title mkdf-section-title-small\" style=\"text-align: left\">\n\tEl Equipo<\/h2>\n<\/div>[vc_column_text]Nuestro equipo humano atesora en conjunto m\u00e1s de 15 a\u00f1os de experiencia en los sectores de Procura, Compras y Log\u00edstica para el desarrollo de proyectos EPC en empresas constructoras, habiendo participado en decenas de proyectos y en distintos pa\u00edses. Con una clara vocaci\u00f3n de servicio al cliente y b\u00fasqueda de soluciones inmediatas as\u00ed como reducci\u00f3n de costes, el equipo humano de pur&amp;log es un aliado en su operativa empresarial.[\/vc_column_text][vc_empty_space height=\u00bb60&#8243;]<div class=\"mkdf-section-title-holder\">\n\t<h2 class=\"mkdf-section-title mkdf-section-title-small\" style=\"text-align: left\">\n\tLa contrataci\u00f3n <\/h2>\n<\/div>[vc_column_text]Realizamos una reuni\u00f3n inicial para entender las necesidades del cliente, realizamos un estudio y an\u00e1lisis de las posibles soluciones, se las planteamos a nuestros clientes y les anticipamos las ventajas y ahorros que pueden llegar a obtener. Posteriormente desarrollamos la propuesta de implementaci\u00f3n en donde se definen los objetivos, roles y tiempos. Una vez aprobada la propuesta se inicia el desarrollo y seguimiento de un proyecto o servicio mediante reporting, matrices, reuniones de trabajo y otra serie de herramientas a ser amoldadas a las necesidades de cada cliente.[\/vc_column_text]<div class=\"mkdf-animations-holder \" >\n\t<div style=\"transition-delay: 400ms;-webkit-animation-delay: 400ms;animation-delay: 400ms;animation-duration: 700ms;-webkit-animation-duration: 700ms;-moz-animation-duration: 700ms\">\n\t\t[vc_single_image image=\u00bb3887&#8243; img_size=\u00bb1060&#215;386&#8243; alignment=\u00bbcenter\u00bb css=\u00bb.vc_custom_1559315685559{padding-top: 30px !important;}\u00bb]\t<\/div>\n\n<\/div>[\/vc_column][\/vc_row]<\/p>\n","protected":false},"excerpt":{"rendered":"<p>[vc_row][vc_column][vc_column_text]El mercado actual es din\u00e1mico, cambiante y global. \u00bfPor qu\u00e9 si cada d\u00eda hay m\u00e1s competidores para vender o prestar un mismo producto o servicio en todo el mundo, mejores medios de comunicaci\u00f3n y de compartir la informaci\u00f3n, y experiencia en proyectos similares, se siguen&#8230;<\/p>\n","protected":false},"author":1,"featured_media":0,"parent":0,"menu_order":0,"comment_status":"closed","ping_status":"closed","template":"","meta":[],"_links":{"self":[{"href":"https:\/\/www.purandlog.com\/es\/wp-json\/wp\/v2\/pages\/3754"}],"collection":[{"href":"https:\/\/www.purandlog.com\/es\/wp-json\/wp\/v2\/pages"}],"about":[{"href":"https:\/\/www.purandlog.com\/es\/wp-json\/wp\/v2\/types\/page"}],"author":[{"embeddable":true,"href":"https:\/\/www.purandlog.com\/es\/wp-json\/wp\/v2\/users\/1"}],"replies":[{"embeddable":true,"href":"https:\/\/www.purandlog.com\/es\/wp-json\/wp\/v2\/comments?post=3754"}],"version-history":[{"count":59,"href":"https:\/\/www.purandlog.com\/es\/wp-json\/wp\/v2\/pages\/3754\/revisions"}],"predecessor-version":[{"id":4301,"href":"https:\/\/www.purandlog.com\/es\/wp-json\/wp\/v2\/pages\/3754\/revisions\/4301"}],"wp:attachment":[{"href":"https:\/\/www.purandlog.com\/es\/wp-json\/wp\/v2\/media?parent=3754"}],"curies":[{"name":"wp","href":"https:\/\/api.w.org\/{rel}","templated":true}]}}