{"id":4202,"date":"2016-09-21T00:37:50","date_gmt":"2016-09-21T05:37:50","guid":{"rendered":"https:\/\/www.purandlog.com\/es\/?page_id=4202"},"modified":"2016-09-26T16:15:59","modified_gmt":"2016-09-26T21:15:59","slug":"aviso-de-privacidad","status":"publish","type":"page","link":"https:\/\/www.purandlog.com\/es\/aviso-de-privacidad\/","title":{"rendered":"Aviso de privacidad"},"content":{"rendered":"<p>[vc_row][vc_column][vc_column_text]Su privacidad y confianza son muy importantes para nosotros. Por ello, queremos asegurarnos de que conozca como salvaguardamos la integridad, privacidad y protecci\u00f3n de sus Datos Personales, dentro del marco legal y jur\u00eddico de M\u00e9xico.<\/p>\n<p>Consideramos que en <strong><em>\u201cPur and Log S.A. de C.V.<\/em><\/strong>\u201d tenemos la obligaci\u00f3n legal y social de cumplir con las medidas legales y de seguridad suficientes para proteger aquellos Datos Personales que se hayan recabado para las finalidades que se describen en el presente Aviso de Privacidad.<\/p>\n<p>Se da a conocer el presente Aviso de Privacidad en estricto acatamiento a los art\u00edculos tercero transitorio, 16 y 17 de la Ley Federal de Protecci\u00f3n de Datos Personales en Posesi\u00f3n de los Particulares, publicada en el Diario Oficial de la Federaci\u00f3n el d\u00eda 5 de Julio del a\u00f1o 2010, ordenamiento legal que tiene por objeto la protecci\u00f3n de los datos personales en posesi\u00f3n de los particulares, con la finalidad de regular su tratamiento leg\u00edtimo, controlado e informado, a efecto de garantizar la privacidad y el derecho a la autodeterminaci\u00f3n informativa de las personas, as\u00ed como de su Reglamento, publicado en el Diario Oficial de la Federaci\u00f3n el 21 de Diciembre de 2011 y los Lineamientos del Aviso de Privacidad, publicados en el mismo medio informativo el 17 de Enero de 2013.<\/p>\n<p>Derivado de lo antes expuesto, Usted tendr\u00e1 pleno control y decisi\u00f3n sobre sus Datos Personales. Por ello, le recomendamos que lea atentamente la siguiente informaci\u00f3n:<\/p>\n<p><strong>Definiciones<\/strong><\/p>\n<p>De acuerdo con la Ley Federal de Protecci\u00f3n de Datos Personales en Posesi\u00f3n de los Particulares, su Reglamento, los Lineamientos del Aviso de Privacidad y con el presente Aviso, se entender\u00e1 por:<\/p>\n<ul>\n<li><strong>Datos Personales<\/strong>: Cualquier informaci\u00f3n concerniente a una persona f\u00edsica identificada o identificable.<\/li>\n<li><strong>Datos Personales sensibles<\/strong>: Aquellos datos personales que afecten a la esfera m\u00e1s \u00edntima de su titular, o cuya utilizaci\u00f3n indebida pueda dar origen a discriminaci\u00f3n o conlleve un riesgo grave para \u00e9ste. En particular, se consideran sensibles aquellos que puedan revelar aspectos como origen racial, \u00e9tnico, estado de salud presente y futura, informaci\u00f3n gen\u00e9tica, creencias religiosas, filos\u00f3ficas y morales, afiliaci\u00f3n sindical, opiniones pol\u00edticas, preferencia sexual.<\/li>\n<li><strong>Derechos ARCO<\/strong>: Derechos de acceso, rectificaci\u00f3n, cancelaci\u00f3n y oposici\u00f3n previstos en la Ley Federal de Protecci\u00f3n de Datos Personales en Posesi\u00f3n de los Particulares.<\/li>\n<li><strong>Encargado<\/strong>: La persona f\u00edsica o jur\u00eddica que sola o conjuntamente con otras trate datos personales por cuenta del responsable.<\/li>\n<li><strong>Ley<\/strong>: Ley Federal de Protecci\u00f3n de Datos Personales en Posesi\u00f3n de los Particulares.<\/li>\n<li><strong>Lineamientos<\/strong>: Lineamientos del Aviso de Privacidad.<\/li>\n<li><strong>Reglamento<\/strong>: Reglamento de la Ley Federal de Protecci\u00f3n de Datos Personales en Posesi\u00f3n de los Particulares.<\/li>\n<li><strong>Remisi\u00f3n<\/strong>: La comunicaci\u00f3n de datos personales entre el responsable y el encargado, dentro o fuera del territorio mexicano.<\/li>\n<li><strong>Responsable<\/strong>: En conjunto <strong><em>\u201cPur and Log S.A. de C.V.\u201d<\/em><\/strong> o cualquiera de sus afiliadas, que llevar\u00e1n a cabo el tratamiento de los datos personales.<\/li>\n<li><strong>Titular<\/strong>: La persona f\u00edsica, jur\u00eddica o moral a quien corresponden los datos personales o de empresa.<\/li>\n<\/ul>\n<p><strong> Datos del Responsable<\/strong><\/p>\n<p>El Responsable, es una sociedad legalmente constituida bajo las Leyes Mexicanas, quien se\u00f1ala como domicilio para recibir notificaciones para los efectos relacionados con el presente Aviso el ubicado en Calle Hamburgo 104, Valle Dorado, C.P. 54020, Tlalnepantla de Baz, Estado de M\u00e9xico, M\u00e9xico, el cual se encuentra comprometido con la protecci\u00f3n de todos aquellos Datos Personales proporcionados por el Titular.<\/p>\n<p><strong>Informaci\u00f3n Proporcionada por el Titular<\/strong><\/p>\n<p>El Titular proporcionar\u00e1 al Responsable Datos Personales como: nombre completo, fecha de nacimiento, registro federal de contribuyentes con homoclave, clave \u00fanica de registro de poblaci\u00f3n, nacionalidad, sexo, estado civil, correo electr\u00f3nico, domicilio, n\u00famero de tel\u00e9fono, entre otros.<\/p>\n<p>Asimismo, el Titular podr\u00e1 proporcionar al Responsable Datos Sensibles, patrimoniales o financieros, u otros de car\u00e1cter confidencial o protegidos bajo los supuestos de propiedad intelectual, los cuales ser\u00e1n tratados bajo medidas de seguridad previstas por la Ley u otras Leyes especiales, garantizando su confidencialidad en todo momento.<\/p>\n<p><strong>Finalidad del Tratamiento de Datos<\/strong><\/p>\n<p>Los Datos Personales que el Titular proporcione al Responsable tienen como finalidad (posible en su caso trat\u00e1ndose de prospectos de clientes) la relaci\u00f3n contractual a generarse entre el Titular con el Responsable y acotarse en virtud de las condiciones generales aceptadas, condiciones particulares descritas en cada caso, la gesti\u00f3n, la administraci\u00f3n, prestaci\u00f3n, ampliaci\u00f3n y mejora de los productos y servicios que el Titular desee contratar, as\u00ed como por las actividades propias del Responsable en su objeto social.<\/p>\n<p>Asimismo, los Datos Personales proporcionados por el Titular, con excepci\u00f3n de Datos Personales sensibles podr\u00e1n ser utilizados para fines comerciales y promocionales, para el env\u00edo de informaci\u00f3n comercial y publicitaria, incluidos los env\u00edos por correo electr\u00f3nico, telefon\u00eda celular (mensaje SMS, MMS, entre otros) o todo medio de comunicaci\u00f3n electr\u00f3nica similar o que pueda llegar a desarrollarse, as\u00ed como para encuestas de calidad y satisfacci\u00f3n, an\u00e1lisis de uso de productos, estad\u00edsticas para el env\u00edo de avisos acerca de productos y servicios operados por el Responsable y cuando otras Leyes lo requieran.<\/p>\n<p>El tratamiento de los Datos Personales proporcionados por el Titular al Responsable se limitar\u00e1 al cumplimiento de las finalidades previstas en el presente Aviso de Privacidad y a fines distintos que resulten compatibles o an\u00e1logos a los establecidos en dicho Aviso, sin que para ello se requiera obtener nuevamente el consentimiento del Titular.<\/p>\n<p>Al ponerse a disposici\u00f3n del Titular el presente Aviso de Privacidad y no manifestar \u00e9ste oposici\u00f3n alguna, se entender\u00e1 que el Titular otorga al Responsable su consentimiento para llevar a cabo el tratamiento de los Datos Personales que hubieran sido proporcionados y\/o los que con motivo de alguna de las finalidades establecidas en el presente Aviso proporcione en lo futuro, ya sea personalmente o a trav\u00e9s de agentes, promotores, comisionistas o socios comerciales, as\u00ed como de cualquier medio electr\u00f3nico, \u00f3ptico, sonoro, audiovisual o a trav\u00e9s de cualquier otra tecnolog\u00eda o medio con el que llegue a contar el Responsable.<\/p>\n<p>No ser\u00e1 necesario el consentimiento expreso para el tratamiento de Datos Personales cuando su manejo tenga el prop\u00f3sito de cumplir obligaciones derivadas de una relaci\u00f3n jur\u00eddica entre el Titular y el Responsable, ni en los casos que contempla el art\u00edculo 10 de la Ley. Lo anterior sin perjuicio de la facultad que posee el Titular para el ejercicio de los Derechos ARCO en t\u00e9rminos de la Ley.<\/p>\n<p>El Responsable informa que toda comunicaci\u00f3n por correo electr\u00f3nico no protegida realizada a trav\u00e9s de Internet puede ser objeto de intercepci\u00f3n, p\u00e9rdida o posibles alteraciones en cuyo caso, el Titular no podr\u00e1 exigir al Responsable alguna indemnizaci\u00f3n por cualquier da\u00f1o resultante por la intercepci\u00f3n, sustracci\u00f3n, p\u00e9rdida o alteraci\u00f3n relacionada con un mensaje de correo electr\u00f3nico entre las partes.<\/p>\n<p>El Titular manifiesta que los Datos Personales proporcionados al Responsable son veraces y se hace responsable de comunicar a \u00e9ste cualquier modificaci\u00f3n a los mismos a trav\u00e9s de los formatos designados para ello que se encuentren disponibles en los medios que proporcione el Responsable.<\/p>\n<p>El Titular faculta al Responsable para allegarse de Datos Personales a trav\u00e9s de terceros que el propio Titular haya autorizado frente al Responsable en calidad de referencias. Ser\u00e1 responsabilidad del Titular informar a esos terceros respecto de la informaci\u00f3n que proporcion\u00f3 al Responsable y los fines de la misma, no siendo obligaci\u00f3n del Responsable informar a esos terceros respecto del contenido de este Aviso de Privacidad.<\/p>\n<p>Asimismo, en t\u00e9rminos del p\u00e1rrafo segundo, del art\u00edculo 14 del Reglamento y al art\u00edculo Vig\u00e9simo quinto de los Lineamientos, se informa a los Titulares de los Datos Personales que tendr\u00e1n un plazo de cinco d\u00edas h\u00e1biles, contados a partir del d\u00eda siguiente al contacto o la contrataci\u00f3n del producto o servicio que haya deseado adquirir con el Responsable, para que, de ser el caso, manifiesten su negativa para el tratamiento de sus Datos Personales con respecto a las finalidades descritas en el presente Aviso de Privacidad que no sean necesarias, ni dieron origen a la relaci\u00f3n jur\u00eddica con el Responsable a trav\u00e9s de una solicitud a dicha negativa a la direcci\u00f3n de correo electr\u00f3nico <a href=\"mailto:info@purandlog.com\">info@purandlog.com<\/a>.<\/p>\n<p><strong>Limitaci\u00f3n del Uso y Divulgaci\u00f3n de los datos<\/strong><\/p>\n<p>El Responsable ha adoptado los niveles de seguridad y de protecci\u00f3n de Datos Personales requeridos por Ley, adicionalmente, podr\u00e1 implementar otros medios y medidas t\u00e9cnicas que se encuentren a su alcance para evitar la p\u00e9rdida, mal uso, alteraci\u00f3n, acceso no autorizado y robo de los Datos Personales proporcionados por el Titular.<\/p>\n<p>Usted podr\u00e1 limitar el uso y divulgaci\u00f3n de sus Datos Personales a trav\u00e9s del env\u00edo de un correo electr\u00f3nico a la direcci\u00f3n <a href=\"mailto:info@purandlog.com\">info@purandlog.com<\/a>, en donde podr\u00e1 explicar qu\u00e9 datos y su deseo de que los mismos no sean utilizados para recibir comunicados por parte del Responsable.<\/p>\n<p><strong>Medios para ejercer los Derechos ARCO<\/strong><\/p>\n<p>El Titular, por s\u00ed o mediante representante legal debidamente acreditado, tiene reconocidos y podr\u00e1 ejercitar los derechos de acceso, actualizaci\u00f3n, rectificaci\u00f3n, cancelaci\u00f3n y oposici\u00f3n frente al Responsable.<\/p>\n<p>Para ello el Titular o su representante legal podr\u00e1n solicitar un formato de ejercicio de Derechos ARCO a la direcci\u00f3n de correo electr\u00f3nico <a href=\"mailto:info@purandlog.com\">info@purandlog.com<\/a>. Dicho formato se deber\u00e1 llenar y firmar y devolver a la misma direcci\u00f3n de correo electr\u00f3nico acompa\u00f1ado de la siguiente documentaci\u00f3n escaneada, a fin de que pueda llevarse a cabo la autentificaci\u00f3n del titular que quiera ejercer sus Derechos ARCO:<\/p>\n<ol>\n<li>Identificaci\u00f3n oficial vigente del Titular (Credencial del Instituto Federal Electoral, Pasaporte emitido por la Secretar\u00eda de Relaciones Exteriores, Cartilla del servicio Militar Nacional o C\u00e9dula Profesional, entre otras).<\/li>\n<li>En los casos en que el ejercicio de los Derechos ARCO se realice a trav\u00e9s del representante legal del Titular, adem\u00e1s de la acreditaci\u00f3n de la identidad de ambos, se deber\u00e1 entregar el poder notarial correspondiente, carta poder firmada ante dos testigos o declaraci\u00f3n en comparecencia del Titular.<\/li>\n<li>Cuando se quiera ejercer el derecho de rectificaci\u00f3n, se tendr\u00e1 que entregar la documentaci\u00f3n que acredite el cambio solicitado de acuerdo a los datos personales a rectificar.<\/li>\n<\/ol>\n<p>La respuesta a dicho formato, se llevar\u00e1 a cabo por el Responsable despu\u00e9s de 20 d\u00edas h\u00e1biles contados a partir de la fecha en que fue recibido el mismo. El Responsable podr\u00e1 ampliar \u00e9ste plazo hasta por 20 d\u00edas h\u00e1biles m\u00e1s, cuando el caso lo amerite, previa notificaci\u00f3n de esto al Titular.<\/p>\n<p>La resoluci\u00f3n adoptada por el Responsable ser\u00e1 comunicada al Titular a trav\u00e9s de las opciones elegidas por \u00e9ste, las cuales se encuentran establecidas en el formato de ejercicio de Derechos ARCO que solicitar\u00e1 por correo electr\u00f3nico.<\/p>\n<p>En los casos en que el Titular desee revocar la autorizaci\u00f3n otorgada al Responsable respecto de los Datos Personales proporcionados, deber\u00e1 realizar la solicitud correspondiente en los mismos t\u00e9rminos establecidos en el presente Aviso de Privacidad para ejercer los derechos ARCO.<\/p>\n<p>La entrega de los Datos Personales ser\u00e1 gratuita, debiendo cubrir el Titular \u00fanicamente los gastos justificados de env\u00edo o con el costo de reproducci\u00f3n en copias u otros formatos, en los casos que lo amerite. No obstante, si el Titular reitera su solicitud en un periodo menor a doce meses, los costos no ser\u00e1n mayores a tres d\u00edas de Salario M\u00ednimo General Vigente en el Distrito Federal a menos que existan modificaciones sustanciales al Aviso de Privacidad que motiven nuevas consultas.<\/p>\n<p>En aquellos casos en los que se desee ejercer el derecho de Acceso a sus Datos Personales, la informaci\u00f3n solicitada ser\u00e1 proporcionada a trav\u00e9s del medio que Usted haya decidido en la solicitud de ejercicio de derechos ARCO y en el supuesto en el que el Responsable no cuente con sus Datos Personales, se lo informaremos por los medios a trav\u00e9s de los cu\u00e1les realiz\u00f3 la solicitud.<\/p>\n<p>Para cualquier duda o aclaraci\u00f3n respecto del presente proceso favor de enviar un correo a la direcci\u00f3n para recibir comunicaciones: <a href=\"mailto:info@purandlog.com\">info@purandlog.com<\/a>.<\/p>\n<p><strong>Transferencia y remisi\u00f3n de Datos<\/strong><\/p>\n<p>El Responsable se compromete a cuidar el cumplimiento de todos los principios legales de protecci\u00f3n en torno a la transferencia de sus Datos Personales. De igual forma, manifiesta su compromiso para que se respete en todo momento, el presente Aviso de Privacidad, por las personas f\u00edsicas o morales a las que se pudiera transferir la informaci\u00f3n proporcionada, con el fin de dar el servicio adecuado y con la mejor calidad a nuestros clientes.<\/p>\n<p>El Responsable podr\u00e1 transferir y remitir los Datos Personales entre todas sus empresas filiales y as\u00ed como a encargados nacionales o extranjeros, en caso de haberlos, para el cumplimiento de las finalidades establecidas en el presente Aviso de Privacidad y para dar a nuestros clientes el mejor servicio respecto a los productos contratados por Usted.<\/p>\n<p>Las transferencias nacionales o internacionales de datos podr\u00e1n llevarse a cabo sin el consentimiento del Titular, entre otros casos establecidos por la Ley, siempre que la transferencia sea efectuada a sociedades controladoras, subsidiarias o afiliadas bajo el control com\u00fan del Responsable, o una sociedad matriz o a cualquier sociedad del mismo grupo del Responsable que opere bajo los mismos procesos y pol\u00edticas internas (encargados en t\u00e9rminos de la Ley); sea necesaria en virtud de un contrato celebrado o por celebrar en inter\u00e9s del Titular, por el responsable y un tercero; y cuando la transferencia sea precisa para el mantenimiento o cumplimiento de una relaci\u00f3n jur\u00eddica entre el Responsable y el Titular.<\/p>\n<p><strong>Cambios al Aviso de Privacidad<\/strong><\/p>\n<p>El Responsable se reserva su derecho a realizar cambios en el presente Aviso de Privacidad, los cuales ser\u00e1n dados a conocer a trav\u00e9s de la p\u00e1gina <a href=\"https:\/\/www.purandlog.com\">www.purandlog.com<\/a> o aquella que la llegara a sustituir.<\/p>\n<p>Asimismo, se informa al Titular que cuenta con el derecho a oponerse al tratamiento de sus Datos Personales en caso de no estar de acuerdo con las modificaciones que pudiera presentar este Aviso de Privacidad, para ello, deber\u00e1 enviar una solicitud a la direcci\u00f3n de correo electr\u00f3nico a que se refiere el numeral 6 del presente Aviso de Privacidad.<\/p>\n<p>Les informamos que la autoridad competente para resolver cualquier conflicto derivado de la Ley es el Instituto Nacional de Acceso a la Informaci\u00f3n y Datos Personales (INAI) y Usted puede saber m\u00e1s sobre cualquier otro asunto relacionado en su p\u00e1gina <a href=\"http:\/\/www.inai.org.mx\">www.inai.org.mx<\/a><\/p>\n<p>&nbsp;<\/p>\n<p>Creado con fecha 1 de Julio de 2016. \u00daltima modificaci\u00f3n 9 de Septiembre de 2016.[\/vc_column_text][\/vc_column][\/vc_row]<\/p>\n","protected":false},"excerpt":{"rendered":"<p>[vc_row][vc_column][vc_column_text]Su privacidad y confianza son muy importantes para nosotros. Por ello, queremos asegurarnos de que conozca como salvaguardamos la integridad, privacidad y protecci\u00f3n de sus Datos Personales, dentro del marco legal y jur\u00eddico de M\u00e9xico. Consideramos que en \u201cPur and Log S.A. de C.V.\u201d tenemos&#8230;<\/p>\n","protected":false},"author":1,"featured_media":0,"parent":0,"menu_order":0,"comment_status":"closed","ping_status":"closed","template":"","meta":[],"_links":{"self":[{"href":"https:\/\/www.purandlog.com\/es\/wp-json\/wp\/v2\/pages\/4202"}],"collection":[{"href":"https:\/\/www.purandlog.com\/es\/wp-json\/wp\/v2\/pages"}],"about":[{"href":"https:\/\/www.purandlog.com\/es\/wp-json\/wp\/v2\/types\/page"}],"author":[{"embeddable":true,"href":"https:\/\/www.purandlog.com\/es\/wp-json\/wp\/v2\/users\/1"}],"replies":[{"embeddable":true,"href":"https:\/\/www.purandlog.com\/es\/wp-json\/wp\/v2\/comments?post=4202"}],"version-history":[{"count":3,"href":"https:\/\/www.purandlog.com\/es\/wp-json\/wp\/v2\/pages\/4202\/revisions"}],"predecessor-version":[{"id":4254,"href":"https:\/\/www.purandlog.com\/es\/wp-json\/wp\/v2\/pages\/4202\/revisions\/4254"}],"wp:attachment":[{"href":"https:\/\/www.purandlog.com\/es\/wp-json\/wp\/v2\/media?parent=4202"}],"curies":[{"name":"wp","href":"https:\/\/api.w.org\/{rel}","templated":true}]}}