{"id":5,"date":"2016-01-19T15:31:43","date_gmt":"2016-01-19T15:31:43","guid":{"rendered":"http:\/\/wellspring.mikado-themes.com\/?page_id=5"},"modified":"2019-06-06T10:26:39","modified_gmt":"2019-06-06T15:26:39","slug":"inicio","status":"publish","type":"page","link":"https:\/\/www.purandlog.com\/es\/","title":{"rendered":"Inicio"},"content":{"rendered":"<p>[vc_row][vc_column][rev_slider_vc alias=\u00bboriginal-home\u00bb][\/vc_column][\/vc_row][vc_row content_width=\u00bbgrid\u00bb css=\u00bb.vc_custom_1465023058231{padding-bottom: 70px !important;}\u00bb][vc_column css=\u00bb.vc_custom_1464752377864{padding-top: 70px !important;padding-bottom: 30px !important;}\u00bb]<div class=\"mkdf-section-title-holder\">\n\t<h2 class=\"mkdf-section-title\" style=\"text-transform: none;text-align: center\">\n\tOfrecemos servicios de Consultor\u00eda, Gesti\u00f3n y Outsourcing en Procura, Compras y Log\u00edstica tanto Nacional como Internacional<\/h2>\n<\/div>[vc_column_text css_animation=\u00bbleft-to-right\u00bb]<\/p>\n<p style=\"text-align: center;\"><strong>Para todo tipo de industria, en particular para empresas que desarrollan o participan en la cadena de valor de proyectos EPC y O&amp;M de los sectores de Energ\u00eda, Medio Ambiente, Infraestructuras y Construcci\u00f3n.<\/strong><\/p>\n<p>[\/vc_column_text]<div class=\"mkdf-separator-holder clearfix  mkdf-separator-center\">\n\t<div class=\"mkdf-separator\" style=\"border-color: #7d017d;border-style: solid;width: 200px;border-bottom-width: 4pxpx;margin-top: 20px;margin-bottom: 1px\"><\/div>\n<\/div>\n[\/vc_column][vc_column width=\u00bb2\/3&#8243;][vc_column_text css_animation=\u00bbleft-to-right\u00bb]\u00bfTe ha pasado que tus embarques se retrasen o no lleguen en el tiempo que comprometiste? \u00bfNo sabes si puedes optimizar costes de importaci\u00f3n? \u00bfNo tienes el control de tiempos, ni las personas adecuadas para resolverlo? Si es as\u00ed, no tienes que\u00a0invertir\u00a0en un departamento de compras y log\u00edstica: \u00a1Nosotros te ayudamos!<\/p>\n<p>Gestionamos las compras y la log\u00edstica desde la fase m\u00e1s incipiente de cualquier tipo de proyecto, tal como la fase de desarrollo conceptual o de oferta, hasta la entrega en sitio o destino final, pasando por todas las fases y procesos intermedios de la cadena hasta el cierre de contratos.<\/p>\n<p>Analizamos los aspectos del proyecto, plazos, rutas, regulaciones, reg\u00edmenes, programas y Tratados Internacionales para optimizar los costes comerciales y log\u00edsticos del proyecto (precio, impuestos de importaci\u00f3n, derechos, cuotas compensatorias, gastos aduanales, etc.)<\/p>\n<p>Nuestra raz\u00f3n de ser es ahorrar costes innecesarios que pagan las empresas de forma habitual, que en muchas ocasiones se generan por ineficiencias o simplemente por desconocimiento, as\u00ed como optimizar los presupuestos de nuestros clientes.[\/vc_column_text][\/vc_column][vc_column width=\u00bb1\/3&#8243;][vc_single_image image=\u00bb3864&#8243; img_size=\u00bbfull\u00bb alignment=\u00bbcenter\u00bb css_animation=\u00bbright-to-left\u00bb][\/vc_column][\/vc_row][vc_row row_type=\u00bbparallax\u00bb content_width=\u00bbgrid\u00bb full_screen_section_height=\u00bbno\u00bb css=\u00bb.vc_custom_1520012721736{padding-top: 30px !important;padding-bottom: 50px !important;background-image: url(https:\/\/www.purandlog.com\/wp-content\/uploads\/2018\/03\/fondo-purandlog.jpg?id=4290) !important;}\u00bb el_class=\u00bbblanco\u00bb][vc_column width=\u00bb1\/3&#8243;][vc_column_text css_animation=\u00bbright-to-left\u00bb css=\u00bb.vc_custom_1465023360889{padding-top: 20px !important;padding-bottom: 20px !important;}\u00bb]<\/p>\n<h3 style=\"font-size: 18px;\"><span style=\"color: #ffffff;\">Consultor\u00eda integral en Compras<\/span><\/h3>\n<p><span style=\"color: #000000;\"><div  class=\"mkdf-icon-list-item mkdf-icon-list-item-headings-font-family\">\n\t<div class=\"mkdf-icon-list-icon-holder\">\n        <div class=\"mkdf-icon-list-icon-holder-inner clearfix\">\n\t\t\t<i class=\"mkdf-icon-font-awesome fa fa-check \" style=\"color:#00c800;font-size:15px\" ><\/i>\t\t<\/div>\n\t<\/div>\n\t<p class=\"mkdf-icon-list-text\" style=\"font-size:15px\" > Incrementamos la cartera de proveedores nacionales e internacionales de nuestros clientes <\/p>\n<\/div><div  class=\"mkdf-icon-list-item mkdf-icon-list-item-headings-font-family\">\n\t<div class=\"mkdf-icon-list-icon-holder\">\n        <div class=\"mkdf-icon-list-icon-holder-inner clearfix\">\n\t\t\t<i class=\"mkdf-icon-font-awesome fa fa-check \" style=\"color:#00c800;font-size:15px\" ><\/i>\t\t<\/div>\n\t<\/div>\n\t<p class=\"mkdf-icon-list-text\" style=\"font-size:15px\" > Ayudamos a peque\u00f1as y medianas empresas a fortalecer de una forma adecuada la negociaci\u00f3n con sus proveedores<\/p>\n<\/div><div  class=\"mkdf-icon-list-item mkdf-icon-list-item-headings-font-family\">\n\t<div class=\"mkdf-icon-list-icon-holder\">\n        <div class=\"mkdf-icon-list-icon-holder-inner clearfix\">\n\t\t\t<i class=\"mkdf-icon-font-awesome fa fa-check \" style=\"color:#00c800;font-size:15px\" ><\/i>\t\t<\/div>\n\t<\/div>\n\t<p class=\"mkdf-icon-list-text\" style=\"font-size:15px\" > Reducimos los presupuestos de los proyectos mediante la optimizaci\u00f3n de costes de procura y log\u00edsticos<\/p>\n<\/div><div  class=\"mkdf-icon-list-item mkdf-icon-list-item-headings-font-family\">\n\t<div class=\"mkdf-icon-list-icon-holder\">\n        <div class=\"mkdf-icon-list-icon-holder-inner clearfix\">\n\t\t\t<i class=\"mkdf-icon-font-awesome fa fa-check \" style=\"color:#00c800;font-size:15px\" ><\/i>\t\t<\/div>\n\t<\/div>\n\t<p class=\"mkdf-icon-list-text\" style=\"font-size:15px\" > Asesoramos durante las fases de oferta, negociaci\u00f3n, pedido (PO) o contrato, reuni\u00f3n de lanzamiento (kick-off meeting, KoM) y cierre contractual<\/p>\n<\/div><\/span>[\/vc_column_text][\/vc_column][vc_column width=\u00bb1\/3&#8243;][vc_column_text css_animation=\u00bbleft-to-right\u00bb css=\u00bb.vc_custom_1465023381532{padding-top: 20px !important;padding-bottom: 20px !important;}\u00bb]<\/p>\n<h3 style=\"font-size: 18px;\"><span style=\"color: #ffffff;\">Consultor\u00eda en Log\u00edstica integral<\/span><\/h3>\n<div  class=\"mkdf-icon-list-item mkdf-icon-list-item-headings-font-family\">\n\t<div class=\"mkdf-icon-list-icon-holder\">\n        <div class=\"mkdf-icon-list-icon-holder-inner clearfix\">\n\t\t\t<i class=\"mkdf-icon-font-awesome fa fa-check \" style=\"color:#00c800;font-size:15px\" ><\/i>\t\t<\/div>\n\t<\/div>\n\t<p class=\"mkdf-icon-list-text\" style=\"font-size:15px\" > Gestionamos el transporte, incluyendo la negociaci\u00f3n con los forwarders, la gesti\u00f3n aduanera y el transporte nacional e internacional<\/p>\n<\/div><div  class=\"mkdf-icon-list-item mkdf-icon-list-item-headings-font-family\">\n\t<div class=\"mkdf-icon-list-icon-holder\">\n        <div class=\"mkdf-icon-list-icon-holder-inner clearfix\">\n\t\t\t<i class=\"mkdf-icon-font-awesome fa fa-check \" style=\"color:#00c800;font-size:15px\" ><\/i>\t\t<\/div>\n\t<\/div>\n\t<p class=\"mkdf-icon-list-text\" style=\"font-size:15px\" > Hacemos estudios log\u00edsticos para una correcta selecci\u00f3n de t\u00e9rminos de compra, evaluando los riesgos asociados caso a caso<\/p>\n<\/div><div  class=\"mkdf-icon-list-item mkdf-icon-list-item-headings-font-family\">\n\t<div class=\"mkdf-icon-list-icon-holder\">\n        <div class=\"mkdf-icon-list-icon-holder-inner clearfix\">\n\t\t\t<i class=\"mkdf-icon-font-awesome fa fa-check \" style=\"color:#00c800;font-size:15px\" ><\/i>\t\t<\/div>\n\t<\/div>\n\t<p class=\"mkdf-icon-list-text\" style=\"font-size:15px\" > Buscamos las rutas y medios \u00f3ptimos para minimizar riesgos durante su manejo y transporte<\/p>\n<\/div><div  class=\"mkdf-icon-list-item mkdf-icon-list-item-headings-font-family\">\n\t<div class=\"mkdf-icon-list-icon-holder\">\n        <div class=\"mkdf-icon-list-icon-holder-inner clearfix\">\n\t\t\t<i class=\"mkdf-icon-font-awesome fa fa-check \" style=\"color:#00c800;font-size:15px\" ><\/i>\t\t<\/div>\n\t<\/div>\n\t<p class=\"mkdf-icon-list-text\" style=\"font-size:15px\" > Coordinamos con agentes aduanales la log\u00edstica durante toda la vida del proyecto, minimizando los tiempos de entrega<\/p>\n<\/div>[\/vc_column_text][\/vc_column][vc_column width=\u00bb1\/3&#8243;][vc_column_text css_animation=\u00bbright-to-left\u00bb css=\u00bb.vc_custom_1474698409007{padding-top: 20px !important;padding-bottom: 20px !important;}\u00bb]<\/p>\n<h3 style=\"font-size: 18px;\"><span style=\"color: #ffffff;\">Y para lograr lo anterior, gestionamos los Contratos de nuestros clientes de forma que:<\/span><\/h3>\n<div  class=\"mkdf-icon-list-item mkdf-icon-list-item-headings-font-family\">\n\t<div class=\"mkdf-icon-list-icon-holder\">\n        <div class=\"mkdf-icon-list-icon-holder-inner clearfix\">\n\t\t\t<i class=\"mkdf-icon-font-awesome fa fa-check \" style=\"color:#00c800;font-size:15px\" ><\/i>\t\t<\/div>\n\t<\/div>\n\t<p class=\"mkdf-icon-list-text\" style=\"font-size:15px\" > Minimizamos los riesgos asociados para evitar p\u00e9rdidas econ\u00f3micas<\/p>\n<\/div><div  class=\"mkdf-icon-list-item mkdf-icon-list-item-headings-font-family\">\n\t<div class=\"mkdf-icon-list-icon-holder\">\n        <div class=\"mkdf-icon-list-icon-holder-inner clearfix\">\n\t\t\t<i class=\"mkdf-icon-font-awesome fa fa-check \" style=\"color:#00c800;font-size:15px\" ><\/i>\t\t<\/div>\n\t<\/div>\n\t<p class=\"mkdf-icon-list-text\" style=\"font-size:15px\" > Hacemos seguimiento contractual para evitar todo tipo de incumplimientos o repercusiones anti-econ\u00f3micas<\/p>\n<\/div><div  class=\"mkdf-icon-list-item mkdf-icon-list-item-headings-font-family\">\n\t<div class=\"mkdf-icon-list-icon-holder\">\n        <div class=\"mkdf-icon-list-icon-holder-inner clearfix\">\n\t\t\t<i class=\"mkdf-icon-font-awesome fa fa-check \" style=\"color:#00c800;font-size:15px\" ><\/i>\t\t<\/div>\n\t<\/div>\n\t<p class=\"mkdf-icon-list-text\" style=\"font-size:15px\" > Gestionamos el cierre de contratos de nuestros clientes para evitar que resulten perjudicados por extra costes innecesarios<\/p>\n<\/div>[\/vc_column_text][\/vc_column][\/vc_row][vc_row content_width=\u00bbgrid\u00bb content_aligment=\u00bbcenter\u00bb css=\u00bb.vc_custom_1465011549840{padding-top: 30px !important;padding-bottom: 50px !important;}\u00bb][vc_column css=\u00bb.vc_custom_1465022047648{padding-top: 50px !important;}\u00bb][vc_single_image image=\u00bb3549&#8243; img_size=\u00bbfull\u00bb alignment=\u00bbcenter\u00bb][vc_empty_space height=\u00bb30&#8243;]<div class=\"mkdf-section-subtitle-holder mkdf-section-subtitle-center\" style=\"width: 79%\">\n\t<p style=\"text-align: center\" class=\"mkdf-section-subtitle\">Con nuestros servicios nuestros clientes reciben un trato profesional, de absoluta calidad, con total garant\u00eda y 100% resolutivo, de forma que les ahorramos cuant\u00edas econ\u00f3micas significativas en muchos casos y, sobre todo, grandes quebraderos de cabeza.<\/p>\n<\/div>[vc_empty_space height=\u00bb30&#8243;]<a href=\"https:\/\/www.purandlog.com\/contacto\/\" target=\"_self\"  class=\"mkdf-btn mkdf-btn-medium mkdf-btn-solid mkdf-btn-hover-outline\"  >\n\t\n\t\t\t<span class=\"mkdf-btn-helper\" ><\/span>\n\t\t<span class=\"mkdf-btn-text\">Contacto<\/span>\n<\/a>[\/vc_column][\/vc_row]<\/p>\n","protected":false},"excerpt":{"rendered":"<p>[vc_row][vc_column][rev_slider_vc alias=\u00bboriginal-home\u00bb][\/vc_column][\/vc_row][vc_row content_width=\u00bbgrid\u00bb css=\u00bb.vc_custom_1465023058231{padding-bottom: 70px !important;}\u00bb][vc_column css=\u00bb.vc_custom_1464752377864{padding-top: 70px !important;padding-bottom: 30px !important;}\u00bb][vc_column_text css_animation=\u00bbleft-to-right\u00bb] Para todo tipo de industria, en particular para empresas que desarrollan o participan en la cadena de valor de proyectos EPC y O&amp;M de los sectores de Energ\u00eda, Medio Ambiente, Infraestructuras y Construcci\u00f3n&#8230;.<\/p>\n","protected":false},"author":1,"featured_media":0,"parent":0,"menu_order":0,"comment_status":"closed","ping_status":"closed","template":"full-width.php","meta":[],"_links":{"self":[{"href":"https:\/\/www.purandlog.com\/es\/wp-json\/wp\/v2\/pages\/5"}],"collection":[{"href":"https:\/\/www.purandlog.com\/es\/wp-json\/wp\/v2\/pages"}],"about":[{"href":"https:\/\/www.purandlog.com\/es\/wp-json\/wp\/v2\/types\/page"}],"author":[{"embeddable":true,"href":"https:\/\/www.purandlog.com\/es\/wp-json\/wp\/v2\/users\/1"}],"replies":[{"embeddable":true,"href":"https:\/\/www.purandlog.com\/es\/wp-json\/wp\/v2\/comments?post=5"}],"version-history":[{"count":141,"href":"https:\/\/www.purandlog.com\/es\/wp-json\/wp\/v2\/pages\/5\/revisions"}],"predecessor-version":[{"id":4291,"href":"https:\/\/www.purandlog.com\/es\/wp-json\/wp\/v2\/pages\/5\/revisions\/4291"}],"wp:attachment":[{"href":"https:\/\/www.purandlog.com\/es\/wp-json\/wp\/v2\/media?parent=5"}],"curies":[{"name":"wp","href":"https:\/\/api.w.org\/{rel}","templated":true}]}}